{"id":860,"date":"2017-07-17T12:02:28","date_gmt":"2017-07-17T10:02:28","guid":{"rendered":"https:\/\/chopininwarsaw.pl?page_id=860\/"},"modified":"2020-01-27T21:10:44","modified_gmt":"2020-01-27T20:10:44","slug":"stanislawowski-theatre","status":"publish","type":"page","link":"https:\/\/chopininwarsaw.pl\/en\/concert-venues\/stanislawowski-theatre\/","title":{"rendered":"Stanis\u0142awowski Theatre"},"content":{"rendered":"<h1 style=\"text-align: center;\">PHOTOGRAPHS OF<\/h1>\n<h2 style=\"text-align: center;\">STANIS\u0141AWOWSKI THEATRE<\/h2>\n\n\t\t<style type=\"text\/css\">\n\t\t\t#gallery-1 {\n\t\t\t\tmargin: auto;\n\t\t\t}\n\t\t\t#gallery-1 .gallery-item {\n\t\t\t\tfloat: left;\n\t\t\t\tmargin-top: 10px;\n\t\t\t\ttext-align: center;\n\t\t\t\twidth: 33%;\n\t\t\t}\n\t\t\t#gallery-1 img {\n\t\t\t\tborder: 2px solid #cfcfcf;\n\t\t\t}\n\t\t\t#gallery-1 .gallery-caption {\n\t\t\t\tmargin-left: 0;\n\t\t\t}\n\t\t\t\/* see gallery_shortcode() in wp-includes\/media.php *\/\n\t\t<\/style>\n\t\t<div id='gallery-1' class='gallery galleryid-860 gallery-columns-3 gallery-size-medium'><dl class='gallery-item'>\n\t\t\t<dt class='gallery-icon landscape'>\n\t\t\t\t<a href='https:\/\/chopininwarsaw.pl\/wp-content\/uploads\/2017\/05\/FullSizeRender-10-2-1024x768.jpg' title=\"\" data-rl_title=\"\" class=\"rl-gallery-link\" data-rl_caption=\"\" data-rel=\"lightbox-gallery-1\"><img width=\"300\" height=\"225\" src=\"https:\/\/chopininwarsaw.pl\/wp-content\/uploads\/2017\/05\/FullSizeRender-10-2-300x225.jpg\" class=\"attachment-medium size-medium\" alt=\"\" decoding=\"async\" loading=\"lazy\" srcset=\"https:\/\/chopininwarsaw.pl\/wp-content\/uploads\/2017\/05\/FullSizeRender-10-2-300x225.jpg 300w, https:\/\/chopininwarsaw.pl\/wp-content\/uploads\/2017\/05\/FullSizeRender-10-2-768x576.jpg 768w, https:\/\/chopininwarsaw.pl\/wp-content\/uploads\/2017\/05\/FullSizeRender-10-2-1024x768.jpg 1024w\" sizes=\"(max-width: 300px) 100vw, 300px\" \/><\/a>\n\t\t\t<\/dt><\/dl><dl class='gallery-item'>\n\t\t\t<dt class='gallery-icon landscape'>\n\t\t\t\t<a href='https:\/\/chopininwarsaw.pl\/wp-content\/uploads\/2017\/05\/FullSizeRender-13-1-1024x768.jpg' title=\"\" data-rl_title=\"\" class=\"rl-gallery-link\" data-rl_caption=\"\" data-rel=\"lightbox-gallery-1\"><img width=\"300\" height=\"225\" src=\"https:\/\/chopininwarsaw.pl\/wp-content\/uploads\/2017\/05\/FullSizeRender-13-1-300x225.jpg\" class=\"attachment-medium size-medium\" alt=\"\" decoding=\"async\" loading=\"lazy\" srcset=\"https:\/\/chopininwarsaw.pl\/wp-content\/uploads\/2017\/05\/FullSizeRender-13-1-300x225.jpg 300w, https:\/\/chopininwarsaw.pl\/wp-content\/uploads\/2017\/05\/FullSizeRender-13-1-768x576.jpg 768w, https:\/\/chopininwarsaw.pl\/wp-content\/uploads\/2017\/05\/FullSizeRender-13-1-1024x768.jpg 1024w\" sizes=\"(max-width: 300px) 100vw, 300px\" \/><\/a>\n\t\t\t<\/dt><\/dl><dl class='gallery-item'>\n\t\t\t<dt class='gallery-icon landscape'>\n\t\t\t\t<a href='https:\/\/chopininwarsaw.pl\/wp-content\/uploads\/2017\/05\/FullSizeRender-11-2-1024x768.jpg' title=\"\" data-rl_title=\"\" class=\"rl-gallery-link\" data-rl_caption=\"\" data-rel=\"lightbox-gallery-1\"><img width=\"300\" height=\"225\" src=\"https:\/\/chopininwarsaw.pl\/wp-content\/uploads\/2017\/05\/FullSizeRender-11-2-300x225.jpg\" class=\"attachment-medium size-medium\" alt=\"\" decoding=\"async\" loading=\"lazy\" srcset=\"https:\/\/chopininwarsaw.pl\/wp-content\/uploads\/2017\/05\/FullSizeRender-11-2-300x225.jpg 300w, https:\/\/chopininwarsaw.pl\/wp-content\/uploads\/2017\/05\/FullSizeRender-11-2-768x576.jpg 768w, https:\/\/chopininwarsaw.pl\/wp-content\/uploads\/2017\/05\/FullSizeRender-11-2-1024x768.jpg 1024w\" sizes=\"(max-width: 300px) 100vw, 300px\" \/><\/a>\n\t\t\t<\/dt><\/dl><br style=\"clear: both\" \/><dl class='gallery-item'>\n\t\t\t<dt class='gallery-icon landscape'>\n\t\t\t\t<a href='https:\/\/chopininwarsaw.pl\/wp-content\/uploads\/2017\/05\/FullSizeRender-14-1024x768.jpg' title=\"\" data-rl_title=\"\" class=\"rl-gallery-link\" data-rl_caption=\"\" data-rel=\"lightbox-gallery-1\"><img width=\"300\" height=\"225\" src=\"https:\/\/chopininwarsaw.pl\/wp-content\/uploads\/2017\/05\/FullSizeRender-14-300x225.jpg\" class=\"attachment-medium size-medium\" alt=\"\" decoding=\"async\" loading=\"lazy\" srcset=\"https:\/\/chopininwarsaw.pl\/wp-content\/uploads\/2017\/05\/FullSizeRender-14-300x225.jpg 300w, https:\/\/chopininwarsaw.pl\/wp-content\/uploads\/2017\/05\/FullSizeRender-14-768x576.jpg 768w, https:\/\/chopininwarsaw.pl\/wp-content\/uploads\/2017\/05\/FullSizeRender-14-1024x768.jpg 1024w\" sizes=\"(max-width: 300px) 100vw, 300px\" \/><\/a>\n\t\t\t<\/dt><\/dl><dl class='gallery-item'>\n\t\t\t<dt class='gallery-icon landscape'>\n\t\t\t\t<a href='https:\/\/chopininwarsaw.pl\/wp-content\/uploads\/2017\/05\/FullSizeRender-9-2-1024x768.jpg' title=\"\" data-rl_title=\"\" class=\"rl-gallery-link\" data-rl_caption=\"\" data-rel=\"lightbox-gallery-1\"><img width=\"300\" height=\"225\" src=\"https:\/\/chopininwarsaw.pl\/wp-content\/uploads\/2017\/05\/FullSizeRender-9-2-300x225.jpg\" class=\"attachment-medium size-medium\" alt=\"\" decoding=\"async\" loading=\"lazy\" srcset=\"https:\/\/chopininwarsaw.pl\/wp-content\/uploads\/2017\/05\/FullSizeRender-9-2-300x225.jpg 300w, https:\/\/chopininwarsaw.pl\/wp-content\/uploads\/2017\/05\/FullSizeRender-9-2-768x576.jpg 768w, https:\/\/chopininwarsaw.pl\/wp-content\/uploads\/2017\/05\/FullSizeRender-9-2-1024x768.jpg 1024w\" sizes=\"(max-width: 300px) 100vw, 300px\" \/><\/a>\n\t\t\t<\/dt><\/dl><dl class='gallery-item'>\n\t\t\t<dt class='gallery-icon landscape'>\n\t\t\t\t<a href='https:\/\/chopininwarsaw.pl\/wp-content\/uploads\/2017\/05\/FullSizeRender-7-2-1024x768.jpg' title=\"\" data-rl_title=\"\" class=\"rl-gallery-link\" data-rl_caption=\"\" data-rel=\"lightbox-gallery-1\"><img width=\"300\" height=\"225\" src=\"https:\/\/chopininwarsaw.pl\/wp-content\/uploads\/2017\/05\/FullSizeRender-7-2-300x225.jpg\" class=\"attachment-medium size-medium\" alt=\"\" decoding=\"async\" loading=\"lazy\" srcset=\"https:\/\/chopininwarsaw.pl\/wp-content\/uploads\/2017\/05\/FullSizeRender-7-2-300x225.jpg 300w, https:\/\/chopininwarsaw.pl\/wp-content\/uploads\/2017\/05\/FullSizeRender-7-2-768x576.jpg 768w, https:\/\/chopininwarsaw.pl\/wp-content\/uploads\/2017\/05\/FullSizeRender-7-2-1024x768.jpg 1024w\" sizes=\"(max-width: 300px) 100vw, 300px\" \/><\/a>\n\t\t\t<\/dt><\/dl><br style=\"clear: both\" \/>\n\t\t<\/div>\n\n<p>&nbsp;<\/p>\n<p>In the east wing of the famous Stanis\u0142awowski Theatre, there is a world-famous 200-seat court theater. It is named after its founder, Stanis\u0142aw August Poniatowski. At that time was mainly intended for the king and his surroundings.<\/p>\n<p>Now, guests of the Concert Agency PRESTO can hear in this extraordinary interior the recital of Fryderyk Chopin&#8217;s music, and during the break admire the unique decoration of the audience. There are medallions with famous ancient dramatists, the king&#8217;s impressive coat of arms, and above all the illusionist murals depicting the audience with a glowing audience, gossiping ladies and courtiers.<\/p>\n<p>&nbsp;<\/p>\n<h4>\u00a0 \u00a0 \u00a0 \u00a0 \u00a0 \u00a0 \u00a0 \u00a0 \u00a0Location:<\/h4>\n<p><iframe loading=\"lazy\" style=\"border: 0;\" src=\"https:\/\/www.google.com\/maps\/embed?pb=!1m18!1m12!1m3!1d2444.4696166316835!2d21.02824241548383!3d52.216685279757925!2m3!1f0!2f0!3f0!3m2!1i1024!2i768!4f13.1!3m3!1m2!1s0x471ecce1f1f82b57%3A0x5713a6676225e893!2sStara+Oran%C5%BCeria+z+Teatrem+Kr%C3%B3lewskim!5e0!3m2!1spl!2spl!4v1516288452997\" width=\"600\" height=\"450\" frameborder=\"0\" allowfullscreen=\"allowfullscreen\"><\/iframe><\/p>\n","protected":false},"excerpt":{"rendered":"<p>PHOTOGRAPHS OF STANIS\u0141AWOWSKI THEATRE &nbsp; In the east wing of the famous Stanis\u0142awowski Theatre, there is a world-famous 200-seat court theater. It is named after its founder, Stanis\u0142aw August Poniatowski. At that time was mainly intended for the king and&#8230;..<\/p>\n","protected":false},"author":2,"featured_media":796,"parent":139,"menu_order":0,"comment_status":"closed","ping_status":"closed","template":"","meta":[],"acf":[],"yoast_head":"<!-- This site is optimized with the Yoast SEO plugin v21.8.1 - https:\/\/yoast.com\/wordpress\/plugins\/seo\/ -->\n<title>Stanis\u0142awowski Theatre - Chopin Concerts Warsaw - Presto Agency<\/title>\n<meta name=\"description\" content=\"Stanis\u0142awowski Theatre is a world-famous 200-seat court hall. In this extraordinary interior guests can listen to live recital of Fryderyk Chopin&#039;s music.\" \/>\n<meta name=\"robots\" content=\"index, follow, max-snippet:-1, max-image-preview:large, max-video-preview:-1\" \/>\n<link rel=\"canonical\" href=\"https:\/\/chopininwarsaw.pl\/en\/concert-venues\/stanislawowski-theatre\/\" \/>\n<meta property=\"og:locale\" content=\"en_US\" \/>\n<meta property=\"og:type\" content=\"article\" \/>\n<meta property=\"og:title\" content=\"Stanis\u0142awowski Theatre - Chopin Concerts Warsaw - Presto Agency\" \/>\n<meta property=\"og:description\" content=\"Stanis\u0142awowski Theatre is a world-famous 200-seat court hall. In this extraordinary interior guests can listen to live recital of Fryderyk Chopin&#039;s music.\" \/>\n<meta property=\"og:url\" content=\"https:\/\/chopininwarsaw.pl\/en\/concert-venues\/stanislawowski-theatre\/\" \/>\n<meta property=\"og:site_name\" content=\"Chopin in Warsaw\" \/>\n<meta property=\"article:publisher\" content=\"https:\/\/www.facebook.com\/ChopinInWarsaw\/\" \/>\n<meta property=\"article:modified_time\" content=\"2020-01-27T20:10:44+00:00\" \/>\n<meta property=\"og:image\" content=\"https:\/\/chopininwarsaw.pl\/wp-content\/uploads\/2017\/05\/FullSizeRender-9-2.jpg\" \/>\n\t<meta property=\"og:image:width\" content=\"4032\" \/>\n\t<meta property=\"og:image:height\" content=\"3024\" \/>\n\t<meta property=\"og:image:type\" content=\"image\/jpeg\" \/>\n<meta name=\"twitter:card\" content=\"summary_large_image\" \/>\n<meta name=\"twitter:label1\" content=\"Est. reading time\" \/>\n\t<meta name=\"twitter:data1\" content=\"1 minute\" \/>\n<script type=\"application\/ld+json\" class=\"yoast-schema-graph\">{\"@context\":\"https:\/\/schema.org\",\"@graph\":[{\"@type\":\"WebPage\",\"@id\":\"https:\/\/chopininwarsaw.pl\/en\/concert-venues\/stanislawowski-theatre\/\",\"url\":\"https:\/\/chopininwarsaw.pl\/en\/concert-venues\/stanislawowski-theatre\/\",\"name\":\"Stanis\u0142awowski Theatre - Chopin Concerts Warsaw - Presto Agency\",\"isPartOf\":{\"@id\":\"https:\/\/chopininwarsaw.pl\/#website\"},\"datePublished\":\"2017-07-17T10:02:28+00:00\",\"dateModified\":\"2020-01-27T20:10:44+00:00\",\"description\":\"Stanis\u0142awowski Theatre is a world-famous 200-seat court hall. In this extraordinary interior guests can listen to live recital of Fryderyk Chopin's music.\",\"breadcrumb\":{\"@id\":\"https:\/\/chopininwarsaw.pl\/en\/concert-venues\/stanislawowski-theatre\/#breadcrumb\"},\"inLanguage\":\"en-US\",\"potentialAction\":[{\"@type\":\"ReadAction\",\"target\":[\"https:\/\/chopininwarsaw.pl\/en\/concert-venues\/stanislawowski-theatre\/\"]}]},{\"@type\":\"BreadcrumbList\",\"@id\":\"https:\/\/chopininwarsaw.pl\/en\/concert-venues\/stanislawowski-theatre\/#breadcrumb\",\"itemListElement\":[{\"@type\":\"ListItem\",\"position\":1,\"name\":\"Strona g\u0142\u00f3wna\",\"item\":\"https:\/\/chopininwarsaw.pl\/en\/\"},{\"@type\":\"ListItem\",\"position\":2,\"name\":\"Concert Venues\",\"item\":\"https:\/\/chopininwarsaw.pl\/en\/concert-venues\/\"},{\"@type\":\"ListItem\",\"position\":3,\"name\":\"Stanis\u0142awowski Theatre\"}]},{\"@type\":\"WebSite\",\"@id\":\"https:\/\/chopininwarsaw.pl\/#website\",\"url\":\"https:\/\/chopininwarsaw.pl\/\",\"name\":\"Chopin in Warsaw\",\"description\":\"Agencja Koncertowa Presto\",\"publisher\":{\"@id\":\"https:\/\/chopininwarsaw.pl\/#organization\"},\"potentialAction\":[{\"@type\":\"SearchAction\",\"target\":{\"@type\":\"EntryPoint\",\"urlTemplate\":\"https:\/\/chopininwarsaw.pl\/?s={search_term_string}\"},\"query-input\":\"required name=search_term_string\"}],\"inLanguage\":\"en-US\"},{\"@type\":\"Organization\",\"@id\":\"https:\/\/chopininwarsaw.pl\/#organization\",\"name\":\"Chopin in Warsaw \u2013 Agencja Koncertowa Presto\",\"url\":\"https:\/\/chopininwarsaw.pl\/\",\"logo\":{\"@type\":\"ImageObject\",\"inLanguage\":\"en-US\",\"@id\":\"https:\/\/chopininwarsaw.pl\/#\/schema\/logo\/image\/\",\"url\":\"https:\/\/chopininwarsaw.pl\/wp-content\/uploads\/2019\/11\/Asset-15.png\",\"contentUrl\":\"https:\/\/chopininwarsaw.pl\/wp-content\/uploads\/2019\/11\/Asset-15.png\",\"width\":243,\"height\":182,\"caption\":\"Chopin in Warsaw \u2013 Agencja Koncertowa Presto\"},\"image\":{\"@id\":\"https:\/\/chopininwarsaw.pl\/#\/schema\/logo\/image\/\"},\"sameAs\":[\"https:\/\/www.facebook.com\/ChopinInWarsaw\/\"]}]}<\/script>\n<!-- \/ Yoast SEO plugin. -->","yoast_head_json":{"title":"Stanis\u0142awowski Theatre - Chopin Concerts Warsaw - Presto Agency","description":"Stanis\u0142awowski Theatre is a world-famous 200-seat court hall. In this extraordinary interior guests can listen to live recital of Fryderyk Chopin's music.","robots":{"index":"index","follow":"follow","max-snippet":"max-snippet:-1","max-image-preview":"max-image-preview:large","max-video-preview":"max-video-preview:-1"},"canonical":"https:\/\/chopininwarsaw.pl\/en\/concert-venues\/stanislawowski-theatre\/","og_locale":"en_US","og_type":"article","og_title":"Stanis\u0142awowski Theatre - Chopin Concerts Warsaw - Presto Agency","og_description":"Stanis\u0142awowski Theatre is a world-famous 200-seat court hall. In this extraordinary interior guests can listen to live recital of Fryderyk Chopin's music.","og_url":"https:\/\/chopininwarsaw.pl\/en\/concert-venues\/stanislawowski-theatre\/","og_site_name":"Chopin in Warsaw","article_publisher":"https:\/\/www.facebook.com\/ChopinInWarsaw\/","article_modified_time":"2020-01-27T20:10:44+00:00","og_image":[{"width":4032,"height":3024,"url":"https:\/\/chopininwarsaw.pl\/wp-content\/uploads\/2017\/05\/FullSizeRender-9-2.jpg","type":"image\/jpeg"}],"twitter_card":"summary_large_image","twitter_misc":{"Est. reading time":"1 minute"},"schema":{"@context":"https:\/\/schema.org","@graph":[{"@type":"WebPage","@id":"https:\/\/chopininwarsaw.pl\/en\/concert-venues\/stanislawowski-theatre\/","url":"https:\/\/chopininwarsaw.pl\/en\/concert-venues\/stanislawowski-theatre\/","name":"Stanis\u0142awowski Theatre - Chopin Concerts Warsaw - Presto Agency","isPartOf":{"@id":"https:\/\/chopininwarsaw.pl\/#website"},"datePublished":"2017-07-17T10:02:28+00:00","dateModified":"2020-01-27T20:10:44+00:00","description":"Stanis\u0142awowski Theatre is a world-famous 200-seat court hall. In this extraordinary interior guests can listen to live recital of Fryderyk Chopin's music.","breadcrumb":{"@id":"https:\/\/chopininwarsaw.pl\/en\/concert-venues\/stanislawowski-theatre\/#breadcrumb"},"inLanguage":"en-US","potentialAction":[{"@type":"ReadAction","target":["https:\/\/chopininwarsaw.pl\/en\/concert-venues\/stanislawowski-theatre\/"]}]},{"@type":"BreadcrumbList","@id":"https:\/\/chopininwarsaw.pl\/en\/concert-venues\/stanislawowski-theatre\/#breadcrumb","itemListElement":[{"@type":"ListItem","position":1,"name":"Strona g\u0142\u00f3wna","item":"https:\/\/chopininwarsaw.pl\/en\/"},{"@type":"ListItem","position":2,"name":"Concert Venues","item":"https:\/\/chopininwarsaw.pl\/en\/concert-venues\/"},{"@type":"ListItem","position":3,"name":"Stanis\u0142awowski Theatre"}]},{"@type":"WebSite","@id":"https:\/\/chopininwarsaw.pl\/#website","url":"https:\/\/chopininwarsaw.pl\/","name":"Chopin in Warsaw","description":"Agencja Koncertowa Presto","publisher":{"@id":"https:\/\/chopininwarsaw.pl\/#organization"},"potentialAction":[{"@type":"SearchAction","target":{"@type":"EntryPoint","urlTemplate":"https:\/\/chopininwarsaw.pl\/?s={search_term_string}"},"query-input":"required name=search_term_string"}],"inLanguage":"en-US"},{"@type":"Organization","@id":"https:\/\/chopininwarsaw.pl\/#organization","name":"Chopin in Warsaw \u2013 Agencja Koncertowa Presto","url":"https:\/\/chopininwarsaw.pl\/","logo":{"@type":"ImageObject","inLanguage":"en-US","@id":"https:\/\/chopininwarsaw.pl\/#\/schema\/logo\/image\/","url":"https:\/\/chopininwarsaw.pl\/wp-content\/uploads\/2019\/11\/Asset-15.png","contentUrl":"https:\/\/chopininwarsaw.pl\/wp-content\/uploads\/2019\/11\/Asset-15.png","width":243,"height":182,"caption":"Chopin in Warsaw \u2013 Agencja Koncertowa Presto"},"image":{"@id":"https:\/\/chopininwarsaw.pl\/#\/schema\/logo\/image\/"},"sameAs":["https:\/\/www.facebook.com\/ChopinInWarsaw\/"]}]}},"_links":{"self":[{"href":"https:\/\/chopininwarsaw.pl\/en\/wp-json\/wp\/v2\/pages\/860"}],"collection":[{"href":"https:\/\/chopininwarsaw.pl\/en\/wp-json\/wp\/v2\/pages"}],"about":[{"href":"https:\/\/chopininwarsaw.pl\/en\/wp-json\/wp\/v2\/types\/page"}],"author":[{"embeddable":true,"href":"https:\/\/chopininwarsaw.pl\/en\/wp-json\/wp\/v2\/users\/2"}],"replies":[{"embeddable":true,"href":"https:\/\/chopininwarsaw.pl\/en\/wp-json\/wp\/v2\/comments?post=860"}],"version-history":[{"count":2,"href":"https:\/\/chopininwarsaw.pl\/en\/wp-json\/wp\/v2\/pages\/860\/revisions"}],"predecessor-version":[{"id":1040,"href":"https:\/\/chopininwarsaw.pl\/en\/wp-json\/wp\/v2\/pages\/860\/revisions\/1040"}],"up":[{"embeddable":true,"href":"https:\/\/chopininwarsaw.pl\/en\/wp-json\/wp\/v2\/pages\/139"}],"wp:featuredmedia":[{"embeddable":true,"href":"https:\/\/chopininwarsaw.pl\/en\/wp-json\/wp\/v2\/media\/796"}],"wp:attachment":[{"href":"https:\/\/chopininwarsaw.pl\/en\/wp-json\/wp\/v2\/media?parent=860"}],"curies":[{"name":"wp","href":"https:\/\/api.w.org\/{rel}","templated":true}]}}