{"id":858,"date":"2017-07-17T11:59:40","date_gmt":"2017-07-17T09:59:40","guid":{"rendered":"https:\/\/chopininwarsaw.pl?page_id=858\/"},"modified":"2020-01-27T21:13:46","modified_gmt":"2020-01-27T20:13:46","slug":"myslewice-palace","status":"publish","type":"page","link":"https:\/\/chopininwarsaw.pl\/en\/concert-venues\/myslewice-palace\/","title":{"rendered":"My\u015blewice Palace"},"content":{"rendered":"<h1 style=\"text-align: center;\">PHOTOGRAPHS OF<\/h1>\n<h2 style=\"text-align: center;\">MY\u015aLEWICE PALACE<\/h2>\n\n\t\t<style type=\"text\/css\">\n\t\t\t#gallery-1 {\n\t\t\t\tmargin: auto;\n\t\t\t}\n\t\t\t#gallery-1 .gallery-item {\n\t\t\t\tfloat: left;\n\t\t\t\tmargin-top: 10px;\n\t\t\t\ttext-align: center;\n\t\t\t\twidth: 33%;\n\t\t\t}\n\t\t\t#gallery-1 img {\n\t\t\t\tborder: 2px solid #cfcfcf;\n\t\t\t}\n\t\t\t#gallery-1 .gallery-caption {\n\t\t\t\tmargin-left: 0;\n\t\t\t}\n\t\t\t\/* see gallery_shortcode() in wp-includes\/media.php *\/\n\t\t<\/style>\n\t\t<div id='gallery-1' class='gallery galleryid-858 gallery-columns-3 gallery-size-medium'><dl class='gallery-item'>\n\t\t\t<dt class='gallery-icon landscape'>\n\t\t\t\t<a href='https:\/\/chopininwarsaw.pl\/wp-content\/uploads\/2017\/05\/FullSizeRender-7-1-1024x768.jpg' title=\"\" data-rl_title=\"\" class=\"rl-gallery-link\" data-rl_caption=\"\" data-rel=\"lightbox-gallery-1\"><img width=\"300\" height=\"225\" src=\"https:\/\/chopininwarsaw.pl\/wp-content\/uploads\/2017\/05\/FullSizeRender-7-1-300x225.jpg\" class=\"attachment-medium size-medium\" alt=\"\" decoding=\"async\" loading=\"lazy\" srcset=\"https:\/\/chopininwarsaw.pl\/wp-content\/uploads\/2017\/05\/FullSizeRender-7-1-300x225.jpg 300w, https:\/\/chopininwarsaw.pl\/wp-content\/uploads\/2017\/05\/FullSizeRender-7-1-768x576.jpg 768w, https:\/\/chopininwarsaw.pl\/wp-content\/uploads\/2017\/05\/FullSizeRender-7-1-1024x768.jpg 1024w\" sizes=\"(max-width: 300px) 100vw, 300px\" \/><\/a>\n\t\t\t<\/dt><\/dl><dl class='gallery-item'>\n\t\t\t<dt class='gallery-icon landscape'>\n\t\t\t\t<a href='https:\/\/chopininwarsaw.pl\/wp-content\/uploads\/2017\/05\/FullSizeRender-10-1-1024x768.jpg' title=\"\" data-rl_title=\"\" class=\"rl-gallery-link\" data-rl_caption=\"\" data-rel=\"lightbox-gallery-1\"><img width=\"300\" height=\"225\" src=\"https:\/\/chopininwarsaw.pl\/wp-content\/uploads\/2017\/05\/FullSizeRender-10-1-300x225.jpg\" class=\"attachment-medium size-medium\" alt=\"\" decoding=\"async\" loading=\"lazy\" srcset=\"https:\/\/chopininwarsaw.pl\/wp-content\/uploads\/2017\/05\/FullSizeRender-10-1-300x225.jpg 300w, https:\/\/chopininwarsaw.pl\/wp-content\/uploads\/2017\/05\/FullSizeRender-10-1-768x576.jpg 768w, https:\/\/chopininwarsaw.pl\/wp-content\/uploads\/2017\/05\/FullSizeRender-10-1-1024x768.jpg 1024w\" sizes=\"(max-width: 300px) 100vw, 300px\" \/><\/a>\n\t\t\t<\/dt><\/dl><dl class='gallery-item'>\n\t\t\t<dt class='gallery-icon landscape'>\n\t\t\t\t<a href='https:\/\/chopininwarsaw.pl\/wp-content\/uploads\/2017\/05\/FullSizeRender-12-1-1024x768.jpg' title=\"\" data-rl_title=\"\" class=\"rl-gallery-link\" data-rl_caption=\"\" data-rel=\"lightbox-gallery-1\"><img width=\"300\" height=\"225\" src=\"https:\/\/chopininwarsaw.pl\/wp-content\/uploads\/2017\/05\/FullSizeRender-12-1-300x225.jpg\" class=\"attachment-medium size-medium\" alt=\"\" decoding=\"async\" loading=\"lazy\" srcset=\"https:\/\/chopininwarsaw.pl\/wp-content\/uploads\/2017\/05\/FullSizeRender-12-1-300x225.jpg 300w, https:\/\/chopininwarsaw.pl\/wp-content\/uploads\/2017\/05\/FullSizeRender-12-1-768x576.jpg 768w, https:\/\/chopininwarsaw.pl\/wp-content\/uploads\/2017\/05\/FullSizeRender-12-1-1024x768.jpg 1024w\" sizes=\"(max-width: 300px) 100vw, 300px\" \/><\/a>\n\t\t\t<\/dt><\/dl><br style=\"clear: both\" \/><dl class='gallery-item'>\n\t\t\t<dt class='gallery-icon landscape'>\n\t\t\t\t<a href='https:\/\/chopininwarsaw.pl\/wp-content\/uploads\/2017\/05\/FullSizeRender-13-1024x768.jpg' title=\"\" data-rl_title=\"\" class=\"rl-gallery-link\" data-rl_caption=\"\" data-rel=\"lightbox-gallery-1\"><img width=\"300\" height=\"225\" src=\"https:\/\/chopininwarsaw.pl\/wp-content\/uploads\/2017\/05\/FullSizeRender-13-300x225.jpg\" class=\"attachment-medium size-medium\" alt=\"\" decoding=\"async\" loading=\"lazy\" srcset=\"https:\/\/chopininwarsaw.pl\/wp-content\/uploads\/2017\/05\/FullSizeRender-13-300x225.jpg 300w, https:\/\/chopininwarsaw.pl\/wp-content\/uploads\/2017\/05\/FullSizeRender-13-768x576.jpg 768w, https:\/\/chopininwarsaw.pl\/wp-content\/uploads\/2017\/05\/FullSizeRender-13-1024x768.jpg 1024w\" sizes=\"(max-width: 300px) 100vw, 300px\" \/><\/a>\n\t\t\t<\/dt><\/dl><dl class='gallery-item'>\n\t\t\t<dt class='gallery-icon landscape'>\n\t\t\t\t<a href='https:\/\/chopininwarsaw.pl\/wp-content\/uploads\/2017\/05\/FullSizeRender-9-1-1024x768.jpg' title=\"\" data-rl_title=\"\" class=\"rl-gallery-link\" data-rl_caption=\"\" data-rel=\"lightbox-gallery-1\"><img width=\"300\" height=\"225\" src=\"https:\/\/chopininwarsaw.pl\/wp-content\/uploads\/2017\/05\/FullSizeRender-9-1-300x225.jpg\" class=\"attachment-medium size-medium\" alt=\"\" decoding=\"async\" loading=\"lazy\" srcset=\"https:\/\/chopininwarsaw.pl\/wp-content\/uploads\/2017\/05\/FullSizeRender-9-1-300x225.jpg 300w, https:\/\/chopininwarsaw.pl\/wp-content\/uploads\/2017\/05\/FullSizeRender-9-1-768x576.jpg 768w, https:\/\/chopininwarsaw.pl\/wp-content\/uploads\/2017\/05\/FullSizeRender-9-1-1024x768.jpg 1024w\" sizes=\"(max-width: 300px) 100vw, 300px\" \/><\/a>\n\t\t\t<\/dt><\/dl><dl class='gallery-item'>\n\t\t\t<dt class='gallery-icon landscape'>\n\t\t\t\t<a href='https:\/\/chopininwarsaw.pl\/wp-content\/uploads\/2017\/05\/FullSizeRender-11-1-1024x768.jpg' title=\"\" data-rl_title=\"\" class=\"rl-gallery-link\" data-rl_caption=\"\" data-rel=\"lightbox-gallery-1\"><img width=\"300\" height=\"225\" src=\"https:\/\/chopininwarsaw.pl\/wp-content\/uploads\/2017\/05\/FullSizeRender-11-1-300x225.jpg\" class=\"attachment-medium size-medium\" alt=\"\" decoding=\"async\" loading=\"lazy\" srcset=\"https:\/\/chopininwarsaw.pl\/wp-content\/uploads\/2017\/05\/FullSizeRender-11-1-300x225.jpg 300w, https:\/\/chopininwarsaw.pl\/wp-content\/uploads\/2017\/05\/FullSizeRender-11-1-768x576.jpg 768w, https:\/\/chopininwarsaw.pl\/wp-content\/uploads\/2017\/05\/FullSizeRender-11-1-1024x768.jpg 1024w\" sizes=\"(max-width: 300px) 100vw, 300px\" \/><\/a>\n\t\t\t<\/dt><\/dl><br style=\"clear: both\" \/>\n\t\t<\/div>\n\n<p>The My\u015blewice Palace was created on the initiative of Stanis\u0142aw August Poniatowski and was originally inhabited by royal courtiers. Later he became the seat of Prince Jozef Poniatowski.<\/p>\n<p>Small rooms in the amphitheater with beautiful period furnishings, art collections, 18th century paintings and preserved polychromes are a real treat to the eye.<\/p>\n<p>PRESTO concerts take place in a small, intimate room where the 19th-century, white Steinway concert piano reigns. During the break we invite guests to the famous dining hall. It was here after the war that confidential talks were held between the ambassadors of the People&#8217;s Republic of China and the United States. These talks were a diplomatic breakthrough between these countries.<\/p>\n<h4>\u00a0 \u00a0 \u00a0 \u00a0 \u00a0  \u00a0 \u00a0 \u00a0 \u00a0Location<\/h4>\n<p><iframe loading=\"lazy\" style=\"border: 0;\" src=\"https:\/\/www.google.com\/maps\/embed?pb=!1m18!1m12!1m3!1d2444.5347117919296!2d21.036117115796134!3d52.21550247975764!2m3!1f0!2f0!3f0!3m2!1i1024!2i768!4f13.1!3m3!1m2!1s0x471ecd1ea68c2eef%3A0x8673103733968177!2sPa%C5%82ac+My%C5%9Blewicki+w+Warszawie%2C+29+Listopada+5%2C+Warszawa!5e0!3m2!1spl!2spl!4v1516288028257\" width=\"600\" height=\"450\" frameborder=\"0\" allowfullscreen=\"allowfullscreen\"><\/iframe><\/p>\n","protected":false},"excerpt":{"rendered":"<p>PHOTOGRAPHS OF MY\u015aLEWICE PALACE The My\u015blewice Palace was created on the initiative of Stanis\u0142aw August Poniatowski and was originally inhabited by royal courtiers. Later he became the seat of Prince Jozef Poniatowski. Small rooms in the amphitheater with beautiful period&#8230;..<\/p>\n","protected":false},"author":2,"featured_media":788,"parent":139,"menu_order":0,"comment_status":"closed","ping_status":"closed","template":"","meta":[],"acf":[],"yoast_head":"<!-- This site is optimized with the Yoast SEO plugin v21.8.1 - https:\/\/yoast.com\/wordpress\/plugins\/seo\/ -->\n<title>My\u015blewice Palace \u2013 Chopin Concert Warsaw \u2013 Presto Agency<\/title>\n<meta name=\"description\" content=\"Chopin Concerts held in My\u015blewice Palace take place in a small, intimate room where the 19th-century, white Steinway concert piano reigns. Book online !\" \/>\n<meta name=\"robots\" content=\"index, follow, max-snippet:-1, max-image-preview:large, max-video-preview:-1\" \/>\n<link rel=\"canonical\" href=\"https:\/\/chopininwarsaw.pl\/en\/concert-venues\/myslewice-palace\/\" \/>\n<meta property=\"og:locale\" content=\"en_US\" \/>\n<meta property=\"og:type\" content=\"article\" \/>\n<meta property=\"og:title\" content=\"My\u015blewice Palace \u2013 Chopin Concert Warsaw \u2013 Presto Agency\" \/>\n<meta property=\"og:description\" content=\"Chopin Concerts held in My\u015blewice Palace take place in a small, intimate room where the 19th-century, white Steinway concert piano reigns. Book online !\" \/>\n<meta property=\"og:url\" content=\"https:\/\/chopininwarsaw.pl\/en\/concert-venues\/myslewice-palace\/\" \/>\n<meta property=\"og:site_name\" content=\"Chopin in Warsaw\" \/>\n<meta property=\"article:publisher\" content=\"https:\/\/www.facebook.com\/ChopinInWarsaw\/\" \/>\n<meta property=\"article:modified_time\" content=\"2020-01-27T20:13:46+00:00\" \/>\n<meta property=\"og:image\" content=\"https:\/\/chopininwarsaw.pl\/wp-content\/uploads\/2017\/05\/FullSizeRender-7-1.jpg\" \/>\n\t<meta property=\"og:image:width\" content=\"4032\" \/>\n\t<meta property=\"og:image:height\" content=\"3024\" \/>\n\t<meta property=\"og:image:type\" content=\"image\/jpeg\" \/>\n<meta name=\"twitter:card\" content=\"summary_large_image\" \/>\n<meta name=\"twitter:label1\" content=\"Est. reading time\" \/>\n\t<meta name=\"twitter:data1\" content=\"1 minute\" \/>\n<script type=\"application\/ld+json\" class=\"yoast-schema-graph\">{\"@context\":\"https:\/\/schema.org\",\"@graph\":[{\"@type\":\"WebPage\",\"@id\":\"https:\/\/chopininwarsaw.pl\/en\/concert-venues\/myslewice-palace\/\",\"url\":\"https:\/\/chopininwarsaw.pl\/en\/concert-venues\/myslewice-palace\/\",\"name\":\"My\u015blewice Palace \u2013 Chopin Concert Warsaw \u2013 Presto Agency\",\"isPartOf\":{\"@id\":\"https:\/\/chopininwarsaw.pl\/#website\"},\"datePublished\":\"2017-07-17T09:59:40+00:00\",\"dateModified\":\"2020-01-27T20:13:46+00:00\",\"description\":\"Chopin Concerts held in My\u015blewice Palace take place in a small, intimate room where the 19th-century, white Steinway concert piano reigns. Book online !\",\"breadcrumb\":{\"@id\":\"https:\/\/chopininwarsaw.pl\/en\/concert-venues\/myslewice-palace\/#breadcrumb\"},\"inLanguage\":\"en-US\",\"potentialAction\":[{\"@type\":\"ReadAction\",\"target\":[\"https:\/\/chopininwarsaw.pl\/en\/concert-venues\/myslewice-palace\/\"]}]},{\"@type\":\"BreadcrumbList\",\"@id\":\"https:\/\/chopininwarsaw.pl\/en\/concert-venues\/myslewice-palace\/#breadcrumb\",\"itemListElement\":[{\"@type\":\"ListItem\",\"position\":1,\"name\":\"Strona g\u0142\u00f3wna\",\"item\":\"https:\/\/chopininwarsaw.pl\/en\/\"},{\"@type\":\"ListItem\",\"position\":2,\"name\":\"Concert Venues\",\"item\":\"https:\/\/chopininwarsaw.pl\/en\/concert-venues\/\"},{\"@type\":\"ListItem\",\"position\":3,\"name\":\"My\u015blewice Palace\"}]},{\"@type\":\"WebSite\",\"@id\":\"https:\/\/chopininwarsaw.pl\/#website\",\"url\":\"https:\/\/chopininwarsaw.pl\/\",\"name\":\"Chopin in Warsaw\",\"description\":\"Agencja Koncertowa Presto\",\"publisher\":{\"@id\":\"https:\/\/chopininwarsaw.pl\/#organization\"},\"potentialAction\":[{\"@type\":\"SearchAction\",\"target\":{\"@type\":\"EntryPoint\",\"urlTemplate\":\"https:\/\/chopininwarsaw.pl\/?s={search_term_string}\"},\"query-input\":\"required name=search_term_string\"}],\"inLanguage\":\"en-US\"},{\"@type\":\"Organization\",\"@id\":\"https:\/\/chopininwarsaw.pl\/#organization\",\"name\":\"Chopin in Warsaw \u2013 Agencja Koncertowa Presto\",\"url\":\"https:\/\/chopininwarsaw.pl\/\",\"logo\":{\"@type\":\"ImageObject\",\"inLanguage\":\"en-US\",\"@id\":\"https:\/\/chopininwarsaw.pl\/#\/schema\/logo\/image\/\",\"url\":\"https:\/\/chopininwarsaw.pl\/wp-content\/uploads\/2019\/11\/Asset-15.png\",\"contentUrl\":\"https:\/\/chopininwarsaw.pl\/wp-content\/uploads\/2019\/11\/Asset-15.png\",\"width\":243,\"height\":182,\"caption\":\"Chopin in Warsaw \u2013 Agencja Koncertowa Presto\"},\"image\":{\"@id\":\"https:\/\/chopininwarsaw.pl\/#\/schema\/logo\/image\/\"},\"sameAs\":[\"https:\/\/www.facebook.com\/ChopinInWarsaw\/\"]}]}<\/script>\n<!-- \/ Yoast SEO plugin. -->","yoast_head_json":{"title":"My\u015blewice Palace \u2013 Chopin Concert Warsaw \u2013 Presto Agency","description":"Chopin Concerts held in My\u015blewice Palace take place in a small, intimate room where the 19th-century, white Steinway concert piano reigns. Book online !","robots":{"index":"index","follow":"follow","max-snippet":"max-snippet:-1","max-image-preview":"max-image-preview:large","max-video-preview":"max-video-preview:-1"},"canonical":"https:\/\/chopininwarsaw.pl\/en\/concert-venues\/myslewice-palace\/","og_locale":"en_US","og_type":"article","og_title":"My\u015blewice Palace \u2013 Chopin Concert Warsaw \u2013 Presto Agency","og_description":"Chopin Concerts held in My\u015blewice Palace take place in a small, intimate room where the 19th-century, white Steinway concert piano reigns. Book online !","og_url":"https:\/\/chopininwarsaw.pl\/en\/concert-venues\/myslewice-palace\/","og_site_name":"Chopin in Warsaw","article_publisher":"https:\/\/www.facebook.com\/ChopinInWarsaw\/","article_modified_time":"2020-01-27T20:13:46+00:00","og_image":[{"width":4032,"height":3024,"url":"https:\/\/chopininwarsaw.pl\/wp-content\/uploads\/2017\/05\/FullSizeRender-7-1.jpg","type":"image\/jpeg"}],"twitter_card":"summary_large_image","twitter_misc":{"Est. reading time":"1 minute"},"schema":{"@context":"https:\/\/schema.org","@graph":[{"@type":"WebPage","@id":"https:\/\/chopininwarsaw.pl\/en\/concert-venues\/myslewice-palace\/","url":"https:\/\/chopininwarsaw.pl\/en\/concert-venues\/myslewice-palace\/","name":"My\u015blewice Palace \u2013 Chopin Concert Warsaw \u2013 Presto Agency","isPartOf":{"@id":"https:\/\/chopininwarsaw.pl\/#website"},"datePublished":"2017-07-17T09:59:40+00:00","dateModified":"2020-01-27T20:13:46+00:00","description":"Chopin Concerts held in My\u015blewice Palace take place in a small, intimate room where the 19th-century, white Steinway concert piano reigns. Book online !","breadcrumb":{"@id":"https:\/\/chopininwarsaw.pl\/en\/concert-venues\/myslewice-palace\/#breadcrumb"},"inLanguage":"en-US","potentialAction":[{"@type":"ReadAction","target":["https:\/\/chopininwarsaw.pl\/en\/concert-venues\/myslewice-palace\/"]}]},{"@type":"BreadcrumbList","@id":"https:\/\/chopininwarsaw.pl\/en\/concert-venues\/myslewice-palace\/#breadcrumb","itemListElement":[{"@type":"ListItem","position":1,"name":"Strona g\u0142\u00f3wna","item":"https:\/\/chopininwarsaw.pl\/en\/"},{"@type":"ListItem","position":2,"name":"Concert Venues","item":"https:\/\/chopininwarsaw.pl\/en\/concert-venues\/"},{"@type":"ListItem","position":3,"name":"My\u015blewice Palace"}]},{"@type":"WebSite","@id":"https:\/\/chopininwarsaw.pl\/#website","url":"https:\/\/chopininwarsaw.pl\/","name":"Chopin in Warsaw","description":"Agencja Koncertowa Presto","publisher":{"@id":"https:\/\/chopininwarsaw.pl\/#organization"},"potentialAction":[{"@type":"SearchAction","target":{"@type":"EntryPoint","urlTemplate":"https:\/\/chopininwarsaw.pl\/?s={search_term_string}"},"query-input":"required name=search_term_string"}],"inLanguage":"en-US"},{"@type":"Organization","@id":"https:\/\/chopininwarsaw.pl\/#organization","name":"Chopin in Warsaw \u2013 Agencja Koncertowa Presto","url":"https:\/\/chopininwarsaw.pl\/","logo":{"@type":"ImageObject","inLanguage":"en-US","@id":"https:\/\/chopininwarsaw.pl\/#\/schema\/logo\/image\/","url":"https:\/\/chopininwarsaw.pl\/wp-content\/uploads\/2019\/11\/Asset-15.png","contentUrl":"https:\/\/chopininwarsaw.pl\/wp-content\/uploads\/2019\/11\/Asset-15.png","width":243,"height":182,"caption":"Chopin in Warsaw \u2013 Agencja Koncertowa Presto"},"image":{"@id":"https:\/\/chopininwarsaw.pl\/#\/schema\/logo\/image\/"},"sameAs":["https:\/\/www.facebook.com\/ChopinInWarsaw\/"]}]}},"_links":{"self":[{"href":"https:\/\/chopininwarsaw.pl\/en\/wp-json\/wp\/v2\/pages\/858"}],"collection":[{"href":"https:\/\/chopininwarsaw.pl\/en\/wp-json\/wp\/v2\/pages"}],"about":[{"href":"https:\/\/chopininwarsaw.pl\/en\/wp-json\/wp\/v2\/types\/page"}],"author":[{"embeddable":true,"href":"https:\/\/chopininwarsaw.pl\/en\/wp-json\/wp\/v2\/users\/2"}],"replies":[{"embeddable":true,"href":"https:\/\/chopininwarsaw.pl\/en\/wp-json\/wp\/v2\/comments?post=858"}],"version-history":[{"count":3,"href":"https:\/\/chopininwarsaw.pl\/en\/wp-json\/wp\/v2\/pages\/858\/revisions"}],"predecessor-version":[{"id":1376,"href":"https:\/\/chopininwarsaw.pl\/en\/wp-json\/wp\/v2\/pages\/858\/revisions\/1376"}],"up":[{"embeddable":true,"href":"https:\/\/chopininwarsaw.pl\/en\/wp-json\/wp\/v2\/pages\/139"}],"wp:featuredmedia":[{"embeddable":true,"href":"https:\/\/chopininwarsaw.pl\/en\/wp-json\/wp\/v2\/media\/788"}],"wp:attachment":[{"href":"https:\/\/chopininwarsaw.pl\/en\/wp-json\/wp\/v2\/media?parent=858"}],"curies":[{"name":"wp","href":"https:\/\/api.w.org\/{rel}","templated":true}]}}